{"id":5971,"date":"2014-08-14T17:08:18","date_gmt":"2014-08-14T17:08:18","guid":{"rendered":"http:\/\/demos.artbees.net\/jupiter\/?page_id=8"},"modified":"2024-11-19T09:18:16","modified_gmt":"2024-11-19T09:18:16","slug":"homepage-1","status":"publish","type":"page","link":"https:\/\/9pm-media.com\/en\/","title":{"rendered":"Homepage"},"content":{"rendered":"<div class=\"wpb-content-wrapper\">[vc_row fullwidth=&#8221;true&#8221;][vc_column][mk_edge_slider first_el=&#8221;true&#8221; swiper_bg=&#8221;#000000&#8243; parallax=&#8221;true&#8221; orderby=&#8221;post__in&#8221; direction_nav=&#8221;slit&#8221; pagination=&#8221;small_dot_stroke&#8221; skip_arrow=&#8221;false&#8221; slides=&#8221;8703, 8635, 8627, 8606&#8243;][\/vc_column][\/vc_row][vc_row fullwidth=&#8221;true&#8221; css=&#8221;.vc_custom_1541583965421{padding-top: 10px !important;padding-bottom: 20px !important;background-color: #f4f4f4 !important;}&#8221;][vc_column][mk_fancy_title tag_name=&#8221;h1&#8243; size=&#8221;25&#8243; font_weight=&#8221;bold&#8221; txt_transform=&#8221;uppercase&#8221; letter_spacing=&#8221;7&#8243; margin_top=&#8221;30&#8243; margin_bottom=&#8221;0&#8243; font_family=&#8221;none&#8221; align=&#8221;center&#8221;]\n<h1>PROJECTS<\/h1>\n[\/mk_fancy_title][\/vc_column][\/vc_row][mk_page_section vertical_align=&#8221;center&#8221; layout_structure=&#8221;half_left&#8221; bg_image=&#8221;https:\/\/9pm-media.com\/wp-content\/uploads\/2021\/11\/porsche_155535.jpg&#8221; bg_color=&#8221;#fafafa&#8221; bg_stretch=&#8221;true&#8221; min_height=&#8221;600&#8243; full_width=&#8221;true&#8221; js_vertical_centered=&#8221;true&#8221; padding_top=&#8221;0&#8243; padding_bottom=&#8221;0&#8243;][vc_column][vc_column_text css=&#8221;.vc_custom_1654148649766{margin-bottom: 0px !important;}&#8221;]\n<h1>WHEELS<\/h1>\n<p>GT, touring cars, rally and formula racing \u2013 we\u2019ve worked at full revs in the motorsport PR field since 1999. The ADAC Oldtimer events we support are less about speed.<\/p>\n<p>Whether it\u2019s classic PR, TV and photo shoots, media seminars or coaching \u2013 we\u2019ve got it covered. And we\u2019re just as comfortable with two wheels \u2013 for example, we support the German MotoGP race at the Sachsenring and the ADAC Moto Classic in the area of PR.[\/vc_column_text][mk_button url=&#8221;de\/wheels\/&#8221; align=&#8221;right&#8221;]more info[\/mk_button][\/vc_column][\/mk_page_section][mk_page_section vertical_align=&#8221;center&#8221; layout_structure=&#8221;half_right&#8221; bg_image=&#8221;https:\/\/9pm-media.com\/wp-content\/uploads\/2021\/11\/actagency_25075.jpg&#8221; bg_color=&#8221;#fafafa&#8221; bg_stretch=&#8221;true&#8221; min_height=&#8221;600&#8243; full_width=&#8221;true&#8221; js_vertical_centered=&#8221;true&#8221; padding_top=&#8221;0&#8243; padding_bottom=&#8221;0&#8243;][vc_column][vc_column_text css=&#8221;.vc_custom_1636642006521{margin-bottom: 0px !important;}&#8221;]\n<h1>FINS<\/h1>\n<p>One of our key areas of expertise is public relations for water sports events. We\u2019ve been responsible for the Windsurf World Cup on the island of Sylt since 2005, and the Kitesurf World Cup since 2006. Both of these events are the largest of their kind worldwide.<\/p>\n<p>We also provided PR support for the Red Sea Kitesurf World Cup in Egypt and the Warsteiner Snow Show.\u00a0Our portfolio also includes PR activities in other trend sports such as SUP and wakeboarding. We also supported the press activities around the christening of the cruise giant MSC Magnifica in the port of Hamburg.[\/vc_column_text][mk_button url=&#8221;de\/fins-2\/&#8221; align=&#8221;right&#8221;]more info[\/mk_button][\/vc_column][\/mk_page_section][mk_page_section vertical_align=&#8221;center&#8221; layout_structure=&#8221;half_left&#8221; bg_image=&#8221;https:\/\/9pm-media.com\/wp-content\/uploads\/2021\/11\/kampenjazz2017_concert907.jpg&#8221; bg_color=&#8221;#fafafa&#8221; bg_stretch=&#8221;true&#8221; min_height=&#8221;600&#8243; full_width=&#8221;true&#8221; js_vertical_centered=&#8221;true&#8221; padding_top=&#8221;0&#8243; padding_bottom=&#8221;0&#8243;][vc_column][vc_column_text css=&#8221;.vc_custom_1636642264366{margin-bottom: 0px !important;}&#8221;]\n<h1>PRODUCTS &amp; PEOPLE<\/h1>\n<p>Whether merchandise for the Soccer World Cup 2006, the Porsche 911 Targa, frozen yogurt, sushi or the book for the 30th anniversary of the Windsurf World Cup Sylt &#8211; we bring products to the media.<\/p>\n<p>Actor Christof Arnold, windsurfing legend Bj\u00f6rn Dunkerbeck as well as wakeboard world champion Frederick von Osten were supported by us on the press side. Currently we are responsible for the public relations of the multiple windsurfing world champion Philip K\u00f6ster. For the star trumpeter and multiple Echo award winner Till Br\u00f6nner, we have been responsible for the press work of the music festival &#8220;Kampen Jazz by Till Br\u00f6nner&#8221; for several years.[\/vc_column_text][mk_button url=&#8221;products-and-people\/&#8221;]more info[\/mk_button][\/vc_column][\/mk_page_section][mk_page_section vertical_align=&#8221;center&#8221; layout_structure=&#8221;half_right&#8221; bg_image=&#8221;https:\/\/9pm-media.com\/wp-content\/uploads\/corporate.jpg&#8221; bg_color=&#8221;#fafafa&#8221; bg_stretch=&#8221;true&#8221; min_height=&#8221;600&#8243; full_width=&#8221;true&#8221; js_vertical_centered=&#8221;true&#8221; padding_top=&#8221;0&#8243; padding_bottom=&#8221;0&#8243;][vc_column][vc_column_text css=&#8221;.vc_custom_1617870944247{margin-bottom: 0px !important;}&#8221;]\n<h1>CORPORATE PUBLISHING<\/h1>\n<p>We develop and realize books, brochures and magazines for our clients &#8211; starting with a concept followed by design and content and finished with a complete product.[\/vc_column_text][mk_button url=&#8221;social-media\/&#8221; align=&#8221;right&#8221;]more info[\/mk_button][\/vc_column][\/mk_page_section][mk_page_section vertical_align=&#8221;center&#8221; layout_structure=&#8221;half_left&#8221; bg_image=&#8221;https:\/\/9pm-media.com\/wp-content\/uploads\/social.jpg&#8221; bg_color=&#8221;#fafafa&#8221; bg_stretch=&#8221;true&#8221; min_height=&#8221;600&#8243; full_width=&#8221;true&#8221; js_vertical_centered=&#8221;true&#8221; padding_top=&#8221;0&#8243; padding_bottom=&#8221;0&#8243;][vc_column][vc_column_text css=&#8221;.vc_custom_1617870969531{margin-bottom: 0px !important;}&#8221;]\n<h1>SOCIAL MEDIA<\/h1>\n<p>An integral element of PR work is social media presence. Our expertise in the field of social media ranges from developing and establishing a channel, maintaining the community, and creating content, right through to optimising existing accounts. Instagram, Facebook, Twitter \u2013 we look after channels that reach millions of people for big-name customers, as well as generating followers \u2013 all without ads. When designing and maintaining this presence, we use the latest tools and ensure we are always abreast of the latest trends. Furthermore, we customise websites for our clients.[\/vc_column_text][mk_button url=&#8221;social-media\/&#8221;]more info[\/mk_button][\/vc_column][\/mk_page_section][mk_page_section bg_color=&#8221;#fafafa&#8221; border_color=&#8221;#e5e5e5&#8243; full_width=&#8221;true&#8221; padding_top=&#8221;60&#8243; padding_bottom=&#8221;0&#8243; sidebar=&#8221;sidebar-1&#8243;][vc_column][mk_fancy_title tag_name=&#8221;h1&#8243; size=&#8221;25&#8243; font_weight=&#8221;bold&#8221; txt_transform=&#8221;uppercase&#8221; letter_spacing=&#8221;7&#8243; margin_bottom=&#8221;0&#8243; font_family=&#8221;none&#8221; align=&#8221;center&#8221;]NEWS[\/mk_fancy_title][vc_raw_html]JTVCY3VyYXRvciUyMGZlZWRfaWQlM0QlMjI1NDExNWRjYS01Yzc0LTQwOTUtYWE4Mi0wM2I4Y2I4YjE1MDYlMjIlNUQ=[\/vc_raw_html][\/vc_column][\/mk_page_section]\n<\/div>","protected":false},"excerpt":{"rendered":"<p>[vc_row fullwidth=&#8221;true&#8221;][vc_column][mk_edge_slider first_el=&#8221;true&#8221; swiper_bg=&#8221;#000000&#8243; parallax=&#8221;true&#8221; orderby=&#8221;post__in&#8221; direction_nav=&#8221;slit&#8221; pagination=&#8221;small_dot_stroke&#8221; skip_arrow=&#8221;false&#8221; slides=&#8221;8703, 8635, 8627, 8606&#8243;][\/vc_column][\/vc_row][vc_row fullwidth=&#8221;true&#8221; css=&#8221;.vc_custom_1541583965421{padding-top: 10px !important;padding-bottom: 20px !important;background-color: #f4f4f4 !important;}&#8221;][vc_column][mk_fancy_title tag_name=&#8221;h1&#8243; size=&#8221;25&#8243; font_weight=&#8221;bold&#8221; txt_transform=&#8221;uppercase&#8221; letter_spacing=&#8221;7&#8243; margin_top=&#8221;30&#8243; margin_bottom=&#8221;0&#8243; font_family=&#8221;none&#8221; align=&#8221;center&#8221;] PROJECTS [\/mk_fancy_title][\/vc_column][\/vc_row][mk_page_section vertical_align=&#8221;center&#8221; layout_structure=&#8221;half_left&#8221; bg_image=&#8221;https:\/\/9pm-media.com\/wp-content\/uploads\/2021\/11\/porsche_155535.jpg&#8221; bg_color=&#8221;#fafafa&#8221; bg_stretch=&#8221;true&#8221; min_height=&#8221;600&#8243; full_width=&#8221;true&#8221; js_vertical_centered=&#8221;true&#8221; padding_top=&#8221;0&#8243; padding_bottom=&#8221;0&#8243;][vc_column][vc_column_text css=&#8221;.vc_custom_1654148649766{margin-bottom: 0px !important;}&#8221;] WHEELS GT, touring cars, rally and formula racing \u2013 we\u2019ve [&hellip;]<\/p>\n","protected":false},"author":9,"featured_media":0,"parent":0,"menu_order":8,"comment_status":"closed","ping_status":"closed","template":"","meta":{"footnotes":""},"class_list":["post-5971","page","type-page","status-publish","hentry"],"_links":{"self":[{"href":"https:\/\/9pm-media.com\/en\/wp-json\/wp\/v2\/pages\/5971","targetHints":{"allow":["GET"]}}],"collection":[{"href":"https:\/\/9pm-media.com\/en\/wp-json\/wp\/v2\/pages"}],"about":[{"href":"https:\/\/9pm-media.com\/en\/wp-json\/wp\/v2\/types\/page"}],"author":[{"embeddable":true,"href":"https:\/\/9pm-media.com\/en\/wp-json\/wp\/v2\/users\/9"}],"replies":[{"embeddable":true,"href":"https:\/\/9pm-media.com\/en\/wp-json\/wp\/v2\/comments?post=5971"}],"version-history":[{"count":171,"href":"https:\/\/9pm-media.com\/en\/wp-json\/wp\/v2\/pages\/5971\/revisions"}],"predecessor-version":[{"id":9361,"href":"https:\/\/9pm-media.com\/en\/wp-json\/wp\/v2\/pages\/5971\/revisions\/9361"}],"wp:attachment":[{"href":"https:\/\/9pm-media.com\/en\/wp-json\/wp\/v2\/media?parent=5971"}],"curies":[{"name":"wp","href":"https:\/\/api.w.org\/{rel}","templated":true}]}}